{"id":222,"date":"2025-04-21T07:12:01","date_gmt":"2025-04-21T05:12:01","guid":{"rendered":"https:\/\/www.itservice-kroll.de\/?page_id=222"},"modified":"2025-04-21T07:14:04","modified_gmt":"2025-04-21T05:14:04","slug":"bewerbung","status":"publish","type":"page","link":"https:\/\/www.itservice-kroll.de\/?page_id=222","title":{"rendered":"Bewerbung"},"content":{"rendered":"\n<div class=\"wpcf7 no-js\" id=\"wpcf7-f221-o1\" lang=\"de-DE\" dir=\"ltr\" data-wpcf7-id=\"221\">\n<div class=\"screen-reader-response\"><p role=\"status\" aria-live=\"polite\" aria-atomic=\"true\"><\/p> <ul><\/ul><\/div>\n<form action=\"\/index.php?rest_route=%2Fwp%2Fv2%2Fpages%2F222#wpcf7-f221-o1\" method=\"post\" class=\"wpcf7-form init\" aria-label=\"Kontaktformular\" enctype=\"multipart\/form-data\" novalidate=\"novalidate\" data-status=\"init\">\n<div style=\"display: none;\">\n<input type=\"hidden\" name=\"_wpcf7\" value=\"221\" \/>\n<input type=\"hidden\" name=\"_wpcf7_version\" value=\"6.0.6\" \/>\n<input type=\"hidden\" name=\"_wpcf7_locale\" value=\"de_DE\" \/>\n<input type=\"hidden\" name=\"_wpcf7_unit_tag\" value=\"wpcf7-f221-o1\" \/>\n<input type=\"hidden\" name=\"_wpcf7_container_post\" value=\"0\" \/>\n<input type=\"hidden\" name=\"_wpcf7_posted_data_hash\" value=\"\" \/>\n<\/div>\n<p><label> Dein Name<br \/>\n<span class=\"wpcf7-form-control-wrap\" data-name=\"your-name\"><input size=\"40\" maxlength=\"400\" class=\"wpcf7-form-control wpcf7-text wpcf7-validates-as-required\" autocomplete=\"name\" aria-required=\"true\" aria-invalid=\"false\" placeholder=\"Vor und Nachname\" value=\"\" type=\"text\" name=\"your-name\" \/><\/span> <\/label>\n<\/p>\n<p><label> Deine E-Mail-Adresse<br \/>\n<span class=\"wpcf7-form-control-wrap\" data-name=\"your-email\"><input size=\"40\" maxlength=\"400\" class=\"wpcf7-form-control wpcf7-email wpcf7-validates-as-required wpcf7-text wpcf7-validates-as-email\" autocomplete=\"email\" aria-required=\"true\" aria-invalid=\"false\" placeholder=\"m.muster@beispiel.de\" value=\"\" type=\"email\" name=\"your-email\" \/><\/span> <\/label>\n<\/p>\n<p><label> Telefonnummer <\/label><br \/>\n<span class=\"wpcf7-form-control-wrap\" data-name=\"tel-832\"><input size=\"40\" maxlength=\"400\" class=\"wpcf7-form-control wpcf7-tel wpcf7-validates-as-required wpcf7-text wpcf7-validates-as-tel\" aria-required=\"true\" aria-invalid=\"false\" placeholder=\"+49-160-1234567\" value=\"\" type=\"tel\" name=\"tel-832\" \/><\/span>\n<\/p>\n<p><label> Betreff<br \/>\n<span class=\"wpcf7-form-control-wrap\" data-name=\"your-subject\"><input size=\"40\" maxlength=\"400\" class=\"wpcf7-form-control wpcf7-text wpcf7-validates-as-required\" aria-required=\"true\" aria-invalid=\"false\" value=\"Bewerbung als Field service technician\" type=\"text\" name=\"your-subject\" \/><\/span> <\/label>\n<\/p>\n<p><label> Deine Nachricht<br \/>\n<span class=\"wpcf7-form-control-wrap\" data-name=\"your-message\"><textarea cols=\"40\" rows=\"10\" maxlength=\"2000\" class=\"wpcf7-form-control wpcf7-textarea wpcf7-validates-as-required\" aria-required=\"true\" aria-invalid=\"false\" name=\"your-message\"><\/textarea><\/span> <\/label>\n<\/p>\n<p><label> Lebenslauf (PDF-Datei): <\/label><br \/>\n<span class=\"wpcf7-form-control-wrap\" data-name=\"file-576\"><input size=\"40\" class=\"wpcf7-form-control wpcf7-file wpcf7-validates-as-required\" accept=\".pdf\" aria-required=\"true\" aria-invalid=\"false\" type=\"file\" name=\"file-576\" \/><\/span><br \/>\n<br \/>\n<br \/>\n<label> Datenschutzhinweis gem\u00e4\u00df DSGVO f\u00fcr Bewerbungen:<br \/>\nMit dem Absenden Ihrer Bewerbung erkl\u00e4ren Sie sich damit einverstanden, dass wir Ihre personenbezogenen Daten zum Zweck der Bearbeitung des Bewerbungsverfahrens speichern und verarbeiten.<br \/>\nIhre Daten werden ausschlie\u00dflich intern verwendet und nicht an Dritte weitergegeben. Nach Abschluss des Bewerbungsverfahrens werden Ihre Daten gem\u00e4\u00df den gesetzlichen Vorgaben gel\u00f6scht, sofern keine weitere Einwilligung zur Speicherung vorliegt.<br \/>\nWeitere Informationen zum Datenschutz finden Sie in unserer <a href=\"https:\/\/www.itservice-kroll.de\/?page_id=166\" target=\"_blank\">Datenschutzerkl\u00e4rung.<\/a> <\/label>\n<\/p>\n<p><span class=\"wpcf7-form-control-wrap\" data-name=\"checkbox-821\"><span class=\"wpcf7-form-control wpcf7-checkbox wpcf7-validates-as-required\"><span class=\"wpcf7-list-item first last\"><label><input type=\"checkbox\" name=\"checkbox-821[]\" value=\"Ich stimme zu\" \/><span class=\"wpcf7-list-item-label\">Ich stimme zu<\/span><\/label><\/span><\/span><\/span><br \/>\n<br \/>\n<br \/>\n<input class=\"wpcf7-form-control wpcf7-submit has-spinner\" type=\"submit\" value=\"Senden\" \/>\n<\/p><div class=\"wpcf7-response-output\" aria-hidden=\"true\"><\/div>\n<\/form>\n<\/div>\n\n","protected":false},"excerpt":{"rendered":"","protected":false},"author":1,"featured_media":0,"parent":0,"menu_order":0,"comment_status":"closed","ping_status":"closed","template":"","meta":{"footnotes":""},"class_list":["post-222","page","type-page","status-publish","hentry"],"yoast_head":"<!-- This site is optimized with the Yoast SEO plugin v25.3 - https:\/\/yoast.com\/wordpress\/plugins\/seo\/ -->\n<title>Bewerbung - Josef Kroll IT Dienstleistungen<\/title>\n<meta name=\"robots\" content=\"index, follow, max-snippet:-1, max-image-preview:large, max-video-preview:-1\" \/>\n<link rel=\"canonical\" href=\"https:\/\/www.itservice-kroll.de\/?page_id=222\" \/>\n<meta property=\"og:locale\" content=\"de_DE\" \/>\n<meta property=\"og:type\" content=\"article\" \/>\n<meta property=\"og:title\" content=\"Bewerbung - Josef Kroll IT Dienstleistungen\" \/>\n<meta property=\"og:url\" content=\"https:\/\/www.itservice-kroll.de\/?page_id=222\" \/>\n<meta property=\"og:site_name\" content=\"Josef Kroll IT Dienstleistungen\" \/>\n<meta property=\"article:modified_time\" content=\"2025-04-21T05:14:04+00:00\" \/>\n<meta name=\"twitter:card\" content=\"summary_large_image\" \/>\n<meta name=\"twitter:label1\" content=\"Gesch\u00e4tzte Lesezeit\" \/>\n\t<meta name=\"twitter:data1\" content=\"1\u00a0Minute\" \/>\n<script type=\"application\/ld+json\" class=\"yoast-schema-graph\">{\"@context\":\"https:\/\/schema.org\",\"@graph\":[{\"@type\":\"WebPage\",\"@id\":\"https:\/\/www.itservice-kroll.de\/?page_id=222\",\"url\":\"https:\/\/www.itservice-kroll.de\/?page_id=222\",\"name\":\"Bewerbung - Josef Kroll IT Dienstleistungen\",\"isPartOf\":{\"@id\":\"https:\/\/www.itservice-kroll.de\/#website\"},\"datePublished\":\"2025-04-21T05:12:01+00:00\",\"dateModified\":\"2025-04-21T05:14:04+00:00\",\"breadcrumb\":{\"@id\":\"https:\/\/www.itservice-kroll.de\/?page_id=222#breadcrumb\"},\"inLanguage\":\"de\",\"potentialAction\":[{\"@type\":\"ReadAction\",\"target\":[\"https:\/\/www.itservice-kroll.de\/?page_id=222\"]}]},{\"@type\":\"BreadcrumbList\",\"@id\":\"https:\/\/www.itservice-kroll.de\/?page_id=222#breadcrumb\",\"itemListElement\":[{\"@type\":\"ListItem\",\"position\":1,\"name\":\"Startseite\",\"item\":\"https:\/\/www.itservice-kroll.de\/\"},{\"@type\":\"ListItem\",\"position\":2,\"name\":\"Bewerbung\"}]},{\"@type\":\"WebSite\",\"@id\":\"https:\/\/www.itservice-kroll.de\/#website\",\"url\":\"https:\/\/www.itservice-kroll.de\/\",\"name\":\"Josef Kroll IT Dienstleistungen\",\"description\":\"\",\"publisher\":{\"@id\":\"https:\/\/www.itservice-kroll.de\/#organization\"},\"potentialAction\":[{\"@type\":\"SearchAction\",\"target\":{\"@type\":\"EntryPoint\",\"urlTemplate\":\"https:\/\/www.itservice-kroll.de\/?s={search_term_string}\"},\"query-input\":{\"@type\":\"PropertyValueSpecification\",\"valueRequired\":true,\"valueName\":\"search_term_string\"}}],\"inLanguage\":\"de\"},{\"@type\":\"Organization\",\"@id\":\"https:\/\/www.itservice-kroll.de\/#organization\",\"name\":\"Josef Kroll IT Dienstleistungen\",\"url\":\"https:\/\/www.itservice-kroll.de\/\",\"logo\":{\"@type\":\"ImageObject\",\"inLanguage\":\"de\",\"@id\":\"https:\/\/www.itservice-kroll.de\/#\/schema\/logo\/image\/\",\"url\":\"https:\/\/www.itservice-kroll.de\/wp-content\/uploads\/2025\/02\/cropped-64869d73cc7e344f80a28940_attachment_9_logo_komplett_transp-removebg-preview-p-500.png\",\"contentUrl\":\"https:\/\/www.itservice-kroll.de\/wp-content\/uploads\/2025\/02\/cropped-64869d73cc7e344f80a28940_attachment_9_logo_komplett_transp-removebg-preview-p-500.png\",\"width\":500,\"height\":233,\"caption\":\"Josef Kroll IT Dienstleistungen\"},\"image\":{\"@id\":\"https:\/\/www.itservice-kroll.de\/#\/schema\/logo\/image\/\"}}]}<\/script>\n<!-- \/ Yoast SEO plugin. -->","yoast_head_json":{"title":"Bewerbung - Josef Kroll IT Dienstleistungen","robots":{"index":"index","follow":"follow","max-snippet":"max-snippet:-1","max-image-preview":"max-image-preview:large","max-video-preview":"max-video-preview:-1"},"canonical":"https:\/\/www.itservice-kroll.de\/?page_id=222","og_locale":"de_DE","og_type":"article","og_title":"Bewerbung - Josef Kroll IT Dienstleistungen","og_url":"https:\/\/www.itservice-kroll.de\/?page_id=222","og_site_name":"Josef Kroll IT Dienstleistungen","article_modified_time":"2025-04-21T05:14:04+00:00","twitter_card":"summary_large_image","twitter_misc":{"Gesch\u00e4tzte Lesezeit":"1\u00a0Minute"},"schema":{"@context":"https:\/\/schema.org","@graph":[{"@type":"WebPage","@id":"https:\/\/www.itservice-kroll.de\/?page_id=222","url":"https:\/\/www.itservice-kroll.de\/?page_id=222","name":"Bewerbung - Josef Kroll IT Dienstleistungen","isPartOf":{"@id":"https:\/\/www.itservice-kroll.de\/#website"},"datePublished":"2025-04-21T05:12:01+00:00","dateModified":"2025-04-21T05:14:04+00:00","breadcrumb":{"@id":"https:\/\/www.itservice-kroll.de\/?page_id=222#breadcrumb"},"inLanguage":"de","potentialAction":[{"@type":"ReadAction","target":["https:\/\/www.itservice-kroll.de\/?page_id=222"]}]},{"@type":"BreadcrumbList","@id":"https:\/\/www.itservice-kroll.de\/?page_id=222#breadcrumb","itemListElement":[{"@type":"ListItem","position":1,"name":"Startseite","item":"https:\/\/www.itservice-kroll.de\/"},{"@type":"ListItem","position":2,"name":"Bewerbung"}]},{"@type":"WebSite","@id":"https:\/\/www.itservice-kroll.de\/#website","url":"https:\/\/www.itservice-kroll.de\/","name":"Josef Kroll IT Dienstleistungen","description":"","publisher":{"@id":"https:\/\/www.itservice-kroll.de\/#organization"},"potentialAction":[{"@type":"SearchAction","target":{"@type":"EntryPoint","urlTemplate":"https:\/\/www.itservice-kroll.de\/?s={search_term_string}"},"query-input":{"@type":"PropertyValueSpecification","valueRequired":true,"valueName":"search_term_string"}}],"inLanguage":"de"},{"@type":"Organization","@id":"https:\/\/www.itservice-kroll.de\/#organization","name":"Josef Kroll IT Dienstleistungen","url":"https:\/\/www.itservice-kroll.de\/","logo":{"@type":"ImageObject","inLanguage":"de","@id":"https:\/\/www.itservice-kroll.de\/#\/schema\/logo\/image\/","url":"https:\/\/www.itservice-kroll.de\/wp-content\/uploads\/2025\/02\/cropped-64869d73cc7e344f80a28940_attachment_9_logo_komplett_transp-removebg-preview-p-500.png","contentUrl":"https:\/\/www.itservice-kroll.de\/wp-content\/uploads\/2025\/02\/cropped-64869d73cc7e344f80a28940_attachment_9_logo_komplett_transp-removebg-preview-p-500.png","width":500,"height":233,"caption":"Josef Kroll IT Dienstleistungen"},"image":{"@id":"https:\/\/www.itservice-kroll.de\/#\/schema\/logo\/image\/"}}]}},"_links":{"self":[{"href":"https:\/\/www.itservice-kroll.de\/index.php?rest_route=\/wp\/v2\/pages\/222","targetHints":{"allow":["GET"]}}],"collection":[{"href":"https:\/\/www.itservice-kroll.de\/index.php?rest_route=\/wp\/v2\/pages"}],"about":[{"href":"https:\/\/www.itservice-kroll.de\/index.php?rest_route=\/wp\/v2\/types\/page"}],"author":[{"embeddable":true,"href":"https:\/\/www.itservice-kroll.de\/index.php?rest_route=\/wp\/v2\/users\/1"}],"replies":[{"embeddable":true,"href":"https:\/\/www.itservice-kroll.de\/index.php?rest_route=%2Fwp%2Fv2%2Fcomments&post=222"}],"version-history":[{"count":2,"href":"https:\/\/www.itservice-kroll.de\/index.php?rest_route=\/wp\/v2\/pages\/222\/revisions"}],"predecessor-version":[{"id":224,"href":"https:\/\/www.itservice-kroll.de\/index.php?rest_route=\/wp\/v2\/pages\/222\/revisions\/224"}],"wp:attachment":[{"href":"https:\/\/www.itservice-kroll.de\/index.php?rest_route=%2Fwp%2Fv2%2Fmedia&parent=222"}],"curies":[{"name":"wp","href":"https:\/\/api.w.org\/{rel}","templated":true}]}}