{"id":229,"date":"2025-04-21T07:44:29","date_gmt":"2025-04-21T05:44:29","guid":{"rendered":"https:\/\/www.itservice-kroll.de\/?page_id=229"},"modified":"2025-04-21T08:10:42","modified_gmt":"2025-04-21T06:10:42","slug":"jobs","status":"publish","type":"page","link":"https:\/\/www.itservice-kroll.de\/?page_id=229","title":{"rendered":"Jobs"},"content":{"rendered":"<h2  class=\"wp-block-heading\"><\/h2><div  data-label=\"Content\" data-id=\"content--1\" data-export-id=\"content-19\" data-category=\"content\" class=\"content-19 content-section content-section-spacing white-text\" id=\"content-1\"><div  class=\"gridContainer\"> <div  class=\"row\"><div  data-type=\"column\" class=\"col-sm-6 content-col text-center content-section-spacing shadow\"> <i  class=\"fa icon fa-drivers-license big color1\"><\/i> <h2  class=\"font-300\">Field service technician<\/h2>  <p  class=\"\">Wir suchen ab sofort Techniker\/in im Au\u00dfendienst (m\/w\/d) in Vollzeit, gerne auch Quereinsteiger*innen mit abgeschlossener elektrotechnischer, IT basierter- oder netzwerktechnischer Ausbildung f\u00fcr folgende Aufgaben:\n<br ><br >\nInstallation, Service und Wartungsarbeiten im Einzelhandel (Kassensysteme, EC-Terminals, elektronische Warensicherung). Sowie Tausch und Installation der Komponente in der Telematikinfrastruktur.<br >\nBerufserfahrung mind. 2 Jahre im technischen Au\u00dfendienst, abgeschlossene Ausbildung als Elektroniker\/in, Elektrotechniker\/in, IT basierte Ausbildung oder entsprechende Berufserfahrung.<br >\n\u200d<br >\nArbeitszeiten flexibel 8:00-20:00 Uhr, je nach Kundenauftrag.<br >\nDeutsch in Wort und Schrift<br >\nEnglischgrundkenntnisse<br >\nGrundkenntnissein der Netzwerktechnik<br >\nF\u00fchrerschein der Klasse 3 (B)<br >\nP\u00fcnktlichkeit, Zuverl\u00e4ssigkeit, selbst\u00e4ndiges Arbeiten und sehr guter Umgang mit Kunden<br >\nUmgang mit Bohrmaschine, Stichs\u00e4ge und steigen auf eine Leiter sollten keine Probleme bereiten.\n<br ><br >\nSollten Sie nicht \u00fcber alle von uns verlangten Kenntnisse verf\u00fcgen, lernen wir Sie gr\u00fcndlich an.\n<br >F\u00fcr uns z\u00e4hlen der Wille, Ihre Lernbereitschaft und Flexibilit\u00e4t.\n<br ><br >\nUnserem Au\u00dfendienst wird ein Firmenwagen zur Verf\u00fcgung gestellt, nach der Probezeit auch zur privaten Nutzung. Hochwertiges Werkzeug und Arbeitsmaterialien sind f\u00fcr uns selbstverst\u00e4ndlich.<\/p> <a  href=\"https:\/\/www.itservice-kroll.de?page_id=222\" class=\"button color1\" target=\"_blank\" data-cp-link=\"1\" data-icon=\"\">jetzt bewerben!<\/a><\/div> <div  class=\"col-sm-5 flexbox-strech center-xs middle-xs no-gutter-col\"><div  class=\"flexbox middle-xs center-xs right-img\" data-bg=\"image\" style=\"background-image: url(&quot;https:\/\/www.itservice-kroll.de\/wp-content\/uploads\/2025\/02\/cropped-6496d406c6b765c592670614_AdobeStock_521661218.webp&quot;);\"><\/div><\/div> <\/div><\/div> <\/div>","protected":false},"excerpt":{"rendered":"<p>Field service technician Wir suchen ab sofort Techniker\/in im Au\u00dfendienst (m\/w\/d) in Vollzeit, gerne auch Quereinsteiger*innen mit abgeschlossener elektrotechnischer, IT basierter- oder netzwerktechnischer Ausbildung f\u00fcr folgende Aufgaben: Installation, Service und Wartungsarbeiten im Einzelhandel (Kassensysteme, EC-Terminals, elektronische Warensicherung). Sowie Tausch und Installation der Komponente in der Telematikinfrastruktur. Berufserfahrung mind. 2 Jahre im technischen Au\u00dfendienst, abgeschlossene Ausbildung&hellip; <br \/> <a class=\"read-more\" href=\"https:\/\/www.itservice-kroll.de\/?page_id=229\">Read more<\/a><\/p>\n","protected":false},"author":1,"featured_media":0,"parent":0,"menu_order":0,"comment_status":"closed","ping_status":"closed","template":"pro\/page-templates\/full-width-page.php","meta":{"footnotes":""},"class_list":["post-229","page","type-page","status-publish","hentry"],"yoast_head":"<!-- This site is optimized with the Yoast SEO plugin v25.3 - https:\/\/yoast.com\/wordpress\/plugins\/seo\/ -->\n<title>Jobs - Josef Kroll IT Dienstleistungen<\/title>\n<meta name=\"robots\" content=\"index, follow, max-snippet:-1, max-image-preview:large, max-video-preview:-1\" \/>\n<link rel=\"canonical\" href=\"https:\/\/www.itservice-kroll.de\/?page_id=229\" \/>\n<meta property=\"og:locale\" content=\"de_DE\" \/>\n<meta property=\"og:type\" content=\"article\" \/>\n<meta property=\"og:title\" content=\"Jobs - Josef Kroll IT Dienstleistungen\" \/>\n<meta property=\"og:description\" content=\"Field service technician Wir suchen ab sofort Techniker\/in im Au\u00dfendienst (m\/w\/d) in Vollzeit, gerne auch Quereinsteiger*innen mit abgeschlossener elektrotechnischer, IT basierter- oder netzwerktechnischer Ausbildung f\u00fcr folgende Aufgaben: Installation, Service und Wartungsarbeiten im Einzelhandel (Kassensysteme, EC-Terminals, elektronische Warensicherung). Sowie Tausch und Installation der Komponente in der Telematikinfrastruktur. Berufserfahrung mind. 2 Jahre im technischen Au\u00dfendienst, abgeschlossene Ausbildung&hellip; Read more\" \/>\n<meta property=\"og:url\" content=\"https:\/\/www.itservice-kroll.de\/?page_id=229\" \/>\n<meta property=\"og:site_name\" content=\"Josef Kroll IT Dienstleistungen\" \/>\n<meta property=\"article:modified_time\" content=\"2025-04-21T06:10:42+00:00\" \/>\n<meta name=\"twitter:card\" content=\"summary_large_image\" \/>\n<script type=\"application\/ld+json\" class=\"yoast-schema-graph\">{\"@context\":\"https:\/\/schema.org\",\"@graph\":[{\"@type\":\"WebPage\",\"@id\":\"https:\/\/www.itservice-kroll.de\/?page_id=229\",\"url\":\"https:\/\/www.itservice-kroll.de\/?page_id=229\",\"name\":\"Jobs - Josef Kroll IT Dienstleistungen\",\"isPartOf\":{\"@id\":\"https:\/\/www.itservice-kroll.de\/#website\"},\"datePublished\":\"2025-04-21T05:44:29+00:00\",\"dateModified\":\"2025-04-21T06:10:42+00:00\",\"breadcrumb\":{\"@id\":\"https:\/\/www.itservice-kroll.de\/?page_id=229#breadcrumb\"},\"inLanguage\":\"de\",\"potentialAction\":[{\"@type\":\"ReadAction\",\"target\":[\"https:\/\/www.itservice-kroll.de\/?page_id=229\"]}]},{\"@type\":\"BreadcrumbList\",\"@id\":\"https:\/\/www.itservice-kroll.de\/?page_id=229#breadcrumb\",\"itemListElement\":[{\"@type\":\"ListItem\",\"position\":1,\"name\":\"Startseite\",\"item\":\"https:\/\/www.itservice-kroll.de\/\"},{\"@type\":\"ListItem\",\"position\":2,\"name\":\"Jobs\"}]},{\"@type\":\"WebSite\",\"@id\":\"https:\/\/www.itservice-kroll.de\/#website\",\"url\":\"https:\/\/www.itservice-kroll.de\/\",\"name\":\"Josef Kroll IT Dienstleistungen\",\"description\":\"\",\"publisher\":{\"@id\":\"https:\/\/www.itservice-kroll.de\/#organization\"},\"potentialAction\":[{\"@type\":\"SearchAction\",\"target\":{\"@type\":\"EntryPoint\",\"urlTemplate\":\"https:\/\/www.itservice-kroll.de\/?s={search_term_string}\"},\"query-input\":{\"@type\":\"PropertyValueSpecification\",\"valueRequired\":true,\"valueName\":\"search_term_string\"}}],\"inLanguage\":\"de\"},{\"@type\":\"Organization\",\"@id\":\"https:\/\/www.itservice-kroll.de\/#organization\",\"name\":\"Josef Kroll IT Dienstleistungen\",\"url\":\"https:\/\/www.itservice-kroll.de\/\",\"logo\":{\"@type\":\"ImageObject\",\"inLanguage\":\"de\",\"@id\":\"https:\/\/www.itservice-kroll.de\/#\/schema\/logo\/image\/\",\"url\":\"https:\/\/www.itservice-kroll.de\/wp-content\/uploads\/2025\/02\/cropped-64869d73cc7e344f80a28940_attachment_9_logo_komplett_transp-removebg-preview-p-500.png\",\"contentUrl\":\"https:\/\/www.itservice-kroll.de\/wp-content\/uploads\/2025\/02\/cropped-64869d73cc7e344f80a28940_attachment_9_logo_komplett_transp-removebg-preview-p-500.png\",\"width\":500,\"height\":233,\"caption\":\"Josef Kroll IT Dienstleistungen\"},\"image\":{\"@id\":\"https:\/\/www.itservice-kroll.de\/#\/schema\/logo\/image\/\"}}]}<\/script>\n<!-- \/ Yoast SEO plugin. -->","yoast_head_json":{"title":"Jobs - Josef Kroll IT Dienstleistungen","robots":{"index":"index","follow":"follow","max-snippet":"max-snippet:-1","max-image-preview":"max-image-preview:large","max-video-preview":"max-video-preview:-1"},"canonical":"https:\/\/www.itservice-kroll.de\/?page_id=229","og_locale":"de_DE","og_type":"article","og_title":"Jobs - Josef Kroll IT Dienstleistungen","og_description":"Field service technician Wir suchen ab sofort Techniker\/in im Au\u00dfendienst (m\/w\/d) in Vollzeit, gerne auch Quereinsteiger*innen mit abgeschlossener elektrotechnischer, IT basierter- oder netzwerktechnischer Ausbildung f\u00fcr folgende Aufgaben: Installation, Service und Wartungsarbeiten im Einzelhandel (Kassensysteme, EC-Terminals, elektronische Warensicherung). Sowie Tausch und Installation der Komponente in der Telematikinfrastruktur. Berufserfahrung mind. 2 Jahre im technischen Au\u00dfendienst, abgeschlossene Ausbildung&hellip; Read more","og_url":"https:\/\/www.itservice-kroll.de\/?page_id=229","og_site_name":"Josef Kroll IT Dienstleistungen","article_modified_time":"2025-04-21T06:10:42+00:00","twitter_card":"summary_large_image","schema":{"@context":"https:\/\/schema.org","@graph":[{"@type":"WebPage","@id":"https:\/\/www.itservice-kroll.de\/?page_id=229","url":"https:\/\/www.itservice-kroll.de\/?page_id=229","name":"Jobs - Josef Kroll IT Dienstleistungen","isPartOf":{"@id":"https:\/\/www.itservice-kroll.de\/#website"},"datePublished":"2025-04-21T05:44:29+00:00","dateModified":"2025-04-21T06:10:42+00:00","breadcrumb":{"@id":"https:\/\/www.itservice-kroll.de\/?page_id=229#breadcrumb"},"inLanguage":"de","potentialAction":[{"@type":"ReadAction","target":["https:\/\/www.itservice-kroll.de\/?page_id=229"]}]},{"@type":"BreadcrumbList","@id":"https:\/\/www.itservice-kroll.de\/?page_id=229#breadcrumb","itemListElement":[{"@type":"ListItem","position":1,"name":"Startseite","item":"https:\/\/www.itservice-kroll.de\/"},{"@type":"ListItem","position":2,"name":"Jobs"}]},{"@type":"WebSite","@id":"https:\/\/www.itservice-kroll.de\/#website","url":"https:\/\/www.itservice-kroll.de\/","name":"Josef Kroll IT Dienstleistungen","description":"","publisher":{"@id":"https:\/\/www.itservice-kroll.de\/#organization"},"potentialAction":[{"@type":"SearchAction","target":{"@type":"EntryPoint","urlTemplate":"https:\/\/www.itservice-kroll.de\/?s={search_term_string}"},"query-input":{"@type":"PropertyValueSpecification","valueRequired":true,"valueName":"search_term_string"}}],"inLanguage":"de"},{"@type":"Organization","@id":"https:\/\/www.itservice-kroll.de\/#organization","name":"Josef Kroll IT Dienstleistungen","url":"https:\/\/www.itservice-kroll.de\/","logo":{"@type":"ImageObject","inLanguage":"de","@id":"https:\/\/www.itservice-kroll.de\/#\/schema\/logo\/image\/","url":"https:\/\/www.itservice-kroll.de\/wp-content\/uploads\/2025\/02\/cropped-64869d73cc7e344f80a28940_attachment_9_logo_komplett_transp-removebg-preview-p-500.png","contentUrl":"https:\/\/www.itservice-kroll.de\/wp-content\/uploads\/2025\/02\/cropped-64869d73cc7e344f80a28940_attachment_9_logo_komplett_transp-removebg-preview-p-500.png","width":500,"height":233,"caption":"Josef Kroll IT Dienstleistungen"},"image":{"@id":"https:\/\/www.itservice-kroll.de\/#\/schema\/logo\/image\/"}}]}},"_links":{"self":[{"href":"https:\/\/www.itservice-kroll.de\/index.php?rest_route=\/wp\/v2\/pages\/229","targetHints":{"allow":["GET"]}}],"collection":[{"href":"https:\/\/www.itservice-kroll.de\/index.php?rest_route=\/wp\/v2\/pages"}],"about":[{"href":"https:\/\/www.itservice-kroll.de\/index.php?rest_route=\/wp\/v2\/types\/page"}],"author":[{"embeddable":true,"href":"https:\/\/www.itservice-kroll.de\/index.php?rest_route=\/wp\/v2\/users\/1"}],"replies":[{"embeddable":true,"href":"https:\/\/www.itservice-kroll.de\/index.php?rest_route=%2Fwp%2Fv2%2Fcomments&post=229"}],"version-history":[{"count":8,"href":"https:\/\/www.itservice-kroll.de\/index.php?rest_route=\/wp\/v2\/pages\/229\/revisions"}],"predecessor-version":[{"id":250,"href":"https:\/\/www.itservice-kroll.de\/index.php?rest_route=\/wp\/v2\/pages\/229\/revisions\/250"}],"wp:attachment":[{"href":"https:\/\/www.itservice-kroll.de\/index.php?rest_route=%2Fwp%2Fv2%2Fmedia&parent=229"}],"curies":[{"name":"wp","href":"https:\/\/api.w.org\/{rel}","templated":true}]}}