{"id":6,"date":"2025-02-22T07:43:32","date_gmt":"2025-02-22T06:43:32","guid":{"rendered":"https:\/\/www.itservice-kroll.de\/?page_id=6"},"modified":"2025-04-21T08:28:56","modified_gmt":"2025-04-21T06:28:56","slug":"home","status":"publish","type":"page","link":"https:\/\/www.itservice-kroll.de\/","title":{"rendered":"Home"},"content":{"rendered":"<div  id=\"about-1\" style=\"background-color: rgb(255, 255, 255); background-image: none;\" data-label=\"About\" data-id=\"about-1\" data-export-id=\"about-1\" data-category=\"about\" class=\"about-1 content-section content-relative\"><div  class=\"section-separator-top\">\n    <svg  class=\"section-separator-top\" data-separator-name=\"triangle-asymmetrical-negative\" preserveAspectRatio=\"none\" viewBox=\"0 0 1000 100\" xmlns=\"http:\/\/www.w3.org\/2000\/svg\">\n        <path  class=\"svg-white-bg\" d=\"M737.9,94.7L0,0v100h1000V0L737.9,94.7z\"><\/path>\n    <\/svg>\n<\/div><div  class=\"gridContainer\"> <div  class=\"row text-center\"><div  class=\"section-title-col\" data-type=\"column\">   <p  class=\"lead\" style=\"text-align: left;\"><span  style=\"font-weight: 400;\">Kostensenken, Wettbewerbsvorteile steigern! <br >\n\n&nbsp;&nbsp;&nbsp; <\/span><br ><span  style=\"font-weight: 400;\">\nAls j\u00e4hrlich zertifizierter Fujitsu Service Partner<\/span><br ><span  style=\"font-weight: 400;\">\nmit mehr als 19-j\u00e4hriger Erfahrung bieten wir Ihnen einen Service mit sehr hoher Qualit\u00e4t.<\/span><br ><span  style=\"font-weight: 400;\">\nWir beraten Sie kompetent zur Auswahl der passenden Fujitsu Produkte<\/span><br ><span  style=\"font-weight: 400;\">\nunter Ber\u00fccksichtigung Ihrer Anforderungen und Bed\u00fcrfnisse.\n\n<br >&nbsp;<\/span><br ><span  style=\"font-weight: 400;\">\nEgal ob f\u00fcr Ihr B\u00fcro oder Homeoffice, Zahnarztpraxis, Therapeuten- und Arztpraxis.<\/span><br ><span  style=\"font-weight: 400;\">\nWir beschaffen Ihnen kosteng\u00fcnstig die Ersatzteile f\u00fcr Ihr defektes Ger\u00e4t und reparieren es bei Ihnen vor Ort, oder Sie bringen das defekte Ger\u00e4t zu uns in die Werkstatt.<\/span>\n<br >&nbsp;<\/p><\/div> <\/div> <div  class=\"row\"> <div  class=\"button-holder space-bottom space-bottom-small\" data-type=\"column\"> <\/div> <div  class=\"col-xs bottom-xs flexbox image-group-bottom-3-img space-bottom-xs center-xs\"> <img  decoding=\"async\" class=\"left-img shadow-large-black\" data-size=\"500x300\" src=\"https:\/\/www.itservice-kroll.de\/wp-content\/uploads\/2025\/02\/cropped-646c72d35abf546bdb3d75b5_attachment_10-p-1080.webp\" title=\"cropped-646c72d35abf546bdb3d75b5_attachment_10-p-1080.webp\" alt=\"\"> <img  decoding=\"async\" class=\"center-img shadow-large-black\" data-size=\"500x300\" src=\"https:\/\/www.itservice-kroll.de\/wp-content\/uploads\/2025\/02\/cropped-646c72c46e5bc7de46be7d4a_attachment_12-p-1080.webp\" title=\"cropped-646c72c46e5bc7de46be7d4a_attachment_12-p-1080.webp\" alt=\"\"> <img  decoding=\"async\" class=\"right-img shadow-large-black\" data-size=\"500x300\" src=\"https:\/\/www.itservice-kroll.de\/wp-content\/uploads\/2025\/02\/cropped-646c72dc6e5bc7de46bea9e5_attachment_9-p-1080.webp\" title=\"cropped-646c72dc6e5bc7de46bea9e5_attachment_9-p-1080.webp\" alt=\"\"><\/div> <\/div><\/div> <div  class=\"section-separator-bottom\">\n    <svg  class=\"section-separator-bottom\" data-separator-name=\"triangle-asymmetrical-negative\" preserveAspectRatio=\"none\" viewBox=\"0 0 1000 100\" xmlns=\"http:\/\/www.w3.org\/2000\/svg\">\n        <path  class=\"svg-white-bg\" d=\"M737.9,94.7L0,0v100h1000V0L737.9,94.7z\"><\/path>\n    <\/svg>\n<\/div><\/div><div  data-label=\"Features\" data-id=\"features--2\" data-export-id=\"features-12\" data-category=\"features\" class=\"features-12 content-section content-section-spacing \" id=\"features-2\" style=\"background-color: rgb(255, 255, 255);\"><div  class=\"gridContainer\"> <div  class=\"row text-center\"><div  class=\"section-title-col\" data-type=\"column\"> <h2  class=\"\"><span  style=\"color: rgb(3, 169, 244);\">UNSERE LEISTUNGEN<\/span><\/h2> <\/div> <\/div> <div  class=\"row spaced-cols\" data-type=\"row\"> <div  class=\"col-sm-6\"> <div  class=\"row space-bottom\"> <div  class=\"col-sm-fit icon-column\"> <i  class=\"fa icon fa-video-camera bordered round color1\"><\/i> <\/div> <div  class=\"col-sm\" data-type=\"column\"> <h5  class=\"color2\"><span  style=\"color: rgb(3, 169, 244);\">Video\u00fcberwachung<\/span><\/h5> <p  class=\"\">Wir bieten moderne, zuverl\u00e4ssige Video\u00fcberwachungsl\u00f6sungen \u2013 individuell geplant, installiert und betreut. Ob f\u00fcr private Objekte, Firmen oder \u00f6ffentliche Bereiche: Unsere Kamerasysteme sorgen f\u00fcr Sicherheit rund um die Uhr. Zugriff in Echtzeit per App inklusive.<\/p><\/div> <\/div><\/div> <div  class=\"col-sm-6\"><div  class=\"row space-bottom\"> <div  class=\"col-sm-fit icon-column\"><i  class=\"fa icon fa-key bordered round color1\"><\/i><\/div> <div  class=\"col-sm\" data-type=\"column\"><h5  class=\"color2\"><span  style=\"color: rgb(3, 169, 244);\">Diebstahlsicherung<\/span><\/h5> <p  class=\"\">Effektive Diebstahlsicherungen&nbsp;<br >\nSichern Sie, was Ihnen wichtig ist \u2013 mit individuell abgestimmten L\u00f6sungen zur Diebstahlpr\u00e4vention.&nbsp;<\/p><\/div> <\/div><\/div> <div  class=\"col-sm-6\"><div  class=\"row space-bottom\"> <div  class=\"col-sm-fit icon-column\"><i  class=\"fa icon fa-desktop bordered round color1\"><\/i><\/div> <div  class=\"col-sm\" data-type=\"column\"><h5  class=\"color2\"><span  style=\"color: rgb(3, 169, 244);\">Hardware<\/span><\/h5> <p  class=\"\">Server, PCs, Notebooks oder Netzwerkkomponenten \u2013 wir liefern leistungsstarke Hardware namhafter Hersteller, passgenau f\u00fcr Ihre Anforderungen. Beratung, Lieferung &amp; Support aus einer Hand.<\/p><\/div> <\/div><\/div> <div  class=\"col-sm-6\"><div  class=\"row space-bottom\"> <div  class=\"col-sm-fit icon-column\"><i  class=\"fa icon fa-bolt bordered round color1\"><\/i><\/div> <div  class=\"col-sm\" data-type=\"column\"><h5  class=\"color2\"><span  style=\"color: rgb(3, 169, 244);\">DGUV V3 Pr\u00fcfung<\/span><\/h5> <p  class=\"\">Wir pr\u00fcfen Ihre elektrischen Betriebsmittel gem\u00e4\u00df DGUV Vorschrift 3 \u2013 fachgerecht, zuverl\u00e4ssig und dokumentiert. Sorgen Sie f\u00fcr Sicherheit und vermeiden Sie Haftungsrisiken \u2013 wir k\u00fcmmern uns darum!<\/p><\/div> <\/div><\/div> <\/div><\/div> <\/div><div  data-label=\"Features\" data-id=\"features--1\" data-export-id=\"features-16\" data-category=\"features\" class=\"features-16 content-section content-section-spacing\" id=\"features-1\" style=\"background-color: rgb(245, 250, 253); background-image: url(&quot;https:\/\/www.itservice-kroll.de\/wp-content\/uploads\/2025\/02\/pexels-cookiecutter-1148820-scaled.jpg&quot;); background-size: cover; background-position: center top;\"><div  class=\"gridContainer\">  <div  class=\"row spaced-cols\" data-type=\"row\"> <div  class=\"col-xs-12 col-sm-6 col-md-4 space-bottom\"> <img  decoding=\"async\" class=\"face\" src=\"https:\/\/www.itservice-kroll.de\/wp-content\/uploads\/2025\/02\/cropped-646c7156f036a2e7437991ab_logo-1.webp\" title=\"cropped-646c7156f036a2e7437991ab_logo-1.webp\" alt=\"\"> <div  data-type=\"column\" class=\"col-padding-small col-padding-small-xs description-container\">   <\/div> <\/div> <div  class=\"col-xs-12 col-sm-6 col-md-4 space-bottom\"> <img  decoding=\"async\" class=\"face\" src=\"https:\/\/www.itservice-kroll.de\/wp-content\/uploads\/2025\/02\/cropped-646c72404ca3e5d965c333ad_63f85d5b98df86a4322c453e_Lupus-Partner_Zertifikat_Silver-p-500-removebg-preview.webp\" title=\"cropped-646c72404ca3e5d965c333ad_63f85d5b98df86a4322c453e_Lupus-Partner_Zertifikat_Silver-p-500-removebg-preview.webp\" alt=\"\"> <div  data-type=\"column\" class=\"col-padding-small col-padding-small-xs description-container\">   <\/div> <\/div> <div  class=\"col-xs-12 col-sm-6 col-md-4 space-bottom\"> <img  decoding=\"async\" class=\"face\" src=\"https:\/\/www.itservice-kroll.de\/wp-content\/uploads\/2025\/02\/cropped-646c7249119fb89ec344fac8_63f85d53a4a85955788b7e9b_RZ.LogoLupus.Orange.Black_.300dpi_4_4-p-500-removebg-preview.webp\" title=\"cropped-646c7249119fb89ec344fac8_63f85d53a4a85955788b7e9b_RZ.LogoLupus.Orange.Black_.300dpi_4_4-p-500-removebg-preview.webp\" alt=\"\"> <div  data-type=\"column\" class=\"col-padding-small col-padding-small-xs description-container\">   <\/div> <\/div><\/div> <\/div><\/div>","protected":false},"excerpt":{"rendered":"<p>Kostensenken, Wettbewerbsvorteile steigern! &nbsp;&nbsp;&nbsp; Als j\u00e4hrlich zertifizierter Fujitsu Service Partner mit mehr als 19-j\u00e4hriger Erfahrung bieten wir Ihnen einen Service mit sehr hoher Qualit\u00e4t. Wir beraten Sie kompetent zur Auswahl der passenden Fujitsu Produkte unter Ber\u00fccksichtigung Ihrer Anforderungen und Bed\u00fcrfnisse. &nbsp; Egal ob f\u00fcr Ihr B\u00fcro oder Homeoffice, Zahnarztpraxis, Therapeuten- und Arztpraxis. Wir beschaffen Ihnen&hellip; <br \/> <a class=\"read-more\" href=\"https:\/\/www.itservice-kroll.de\/\">Read more<\/a><\/p>\n","protected":false},"author":1,"featured_media":0,"parent":0,"menu_order":0,"comment_status":"closed","ping_status":"closed","template":"page-templates\/homepage.php","meta":{"footnotes":""},"class_list":["post-6","page","type-page","status-publish","hentry"],"yoast_head":"<!-- This site is optimized with the Yoast SEO plugin v25.3 - https:\/\/yoast.com\/wordpress\/plugins\/seo\/ -->\n<title>Home - Josef Kroll IT Dienstleistungen<\/title>\n<meta name=\"robots\" content=\"index, follow, max-snippet:-1, max-image-preview:large, max-video-preview:-1\" \/>\n<link rel=\"canonical\" href=\"https:\/\/www.itservice-kroll.de\/\" \/>\n<meta property=\"og:locale\" content=\"de_DE\" \/>\n<meta property=\"og:type\" content=\"article\" \/>\n<meta property=\"og:title\" content=\"Home - Josef Kroll IT Dienstleistungen\" \/>\n<meta property=\"og:description\" content=\"Kostensenken, Wettbewerbsvorteile steigern! &nbsp;&nbsp;&nbsp; Als j\u00e4hrlich zertifizierter Fujitsu Service Partner mit mehr als 19-j\u00e4hriger Erfahrung bieten wir Ihnen einen Service mit sehr hoher Qualit\u00e4t. Wir beraten Sie kompetent zur Auswahl der passenden Fujitsu Produkte unter Ber\u00fccksichtigung Ihrer Anforderungen und Bed\u00fcrfnisse. &nbsp; Egal ob f\u00fcr Ihr B\u00fcro oder Homeoffice, Zahnarztpraxis, Therapeuten- und Arztpraxis. Wir beschaffen Ihnen&hellip; Read more\" \/>\n<meta property=\"og:url\" content=\"https:\/\/www.itservice-kroll.de\/\" \/>\n<meta property=\"og:site_name\" content=\"Josef Kroll IT Dienstleistungen\" \/>\n<meta property=\"article:modified_time\" content=\"2025-04-21T06:28:56+00:00\" \/>\n<meta property=\"og:image\" content=\"https:\/\/www.itservice-kroll.de\/wp-content\/uploads\/2025\/02\/cropped-646c72d35abf546bdb3d75b5_attachment_10-p-1080.webp\" \/>\n<meta name=\"twitter:card\" content=\"summary_large_image\" \/>\n<meta name=\"twitter:label1\" content=\"Gesch\u00e4tzte Lesezeit\" \/>\n\t<meta name=\"twitter:data1\" content=\"1\u00a0Minute\" \/>\n<script type=\"application\/ld+json\" class=\"yoast-schema-graph\">{\"@context\":\"https:\/\/schema.org\",\"@graph\":[{\"@type\":\"WebPage\",\"@id\":\"https:\/\/www.itservice-kroll.de\/\",\"url\":\"https:\/\/www.itservice-kroll.de\/\",\"name\":\"Home - Josef Kroll IT Dienstleistungen\",\"isPartOf\":{\"@id\":\"https:\/\/www.itservice-kroll.de\/#website\"},\"primaryImageOfPage\":{\"@id\":\"https:\/\/www.itservice-kroll.de\/#primaryimage\"},\"image\":{\"@id\":\"https:\/\/www.itservice-kroll.de\/#primaryimage\"},\"thumbnailUrl\":\"https:\/\/www.itservice-kroll.de\/wp-content\/uploads\/2025\/02\/cropped-646c72d35abf546bdb3d75b5_attachment_10-p-1080.webp\",\"datePublished\":\"2025-02-22T06:43:32+00:00\",\"dateModified\":\"2025-04-21T06:28:56+00:00\",\"breadcrumb\":{\"@id\":\"https:\/\/www.itservice-kroll.de\/#breadcrumb\"},\"inLanguage\":\"de\",\"potentialAction\":[{\"@type\":\"ReadAction\",\"target\":[\"https:\/\/www.itservice-kroll.de\/\"]}]},{\"@type\":\"ImageObject\",\"inLanguage\":\"de\",\"@id\":\"https:\/\/www.itservice-kroll.de\/#primaryimage\",\"url\":\"https:\/\/www.itservice-kroll.de\/wp-content\/uploads\/2025\/02\/cropped-646c72d35abf546bdb3d75b5_attachment_10-p-1080.webp\",\"contentUrl\":\"https:\/\/www.itservice-kroll.de\/wp-content\/uploads\/2025\/02\/cropped-646c72d35abf546bdb3d75b5_attachment_10-p-1080.webp\",\"width\":1013,\"height\":608},{\"@type\":\"BreadcrumbList\",\"@id\":\"https:\/\/www.itservice-kroll.de\/#breadcrumb\",\"itemListElement\":[{\"@type\":\"ListItem\",\"position\":1,\"name\":\"Startseite\",\"item\":\"https:\/\/www.itservice-kroll.de\/\"},{\"@type\":\"ListItem\",\"position\":2,\"name\":\"Home\"}]},{\"@type\":\"WebSite\",\"@id\":\"https:\/\/www.itservice-kroll.de\/#website\",\"url\":\"https:\/\/www.itservice-kroll.de\/\",\"name\":\"Josef Kroll IT Dienstleistungen\",\"description\":\"\",\"publisher\":{\"@id\":\"https:\/\/www.itservice-kroll.de\/#organization\"},\"potentialAction\":[{\"@type\":\"SearchAction\",\"target\":{\"@type\":\"EntryPoint\",\"urlTemplate\":\"https:\/\/www.itservice-kroll.de\/?s={search_term_string}\"},\"query-input\":{\"@type\":\"PropertyValueSpecification\",\"valueRequired\":true,\"valueName\":\"search_term_string\"}}],\"inLanguage\":\"de\"},{\"@type\":\"Organization\",\"@id\":\"https:\/\/www.itservice-kroll.de\/#organization\",\"name\":\"Josef Kroll IT Dienstleistungen\",\"url\":\"https:\/\/www.itservice-kroll.de\/\",\"logo\":{\"@type\":\"ImageObject\",\"inLanguage\":\"de\",\"@id\":\"https:\/\/www.itservice-kroll.de\/#\/schema\/logo\/image\/\",\"url\":\"https:\/\/www.itservice-kroll.de\/wp-content\/uploads\/2025\/02\/cropped-64869d73cc7e344f80a28940_attachment_9_logo_komplett_transp-removebg-preview-p-500.png\",\"contentUrl\":\"https:\/\/www.itservice-kroll.de\/wp-content\/uploads\/2025\/02\/cropped-64869d73cc7e344f80a28940_attachment_9_logo_komplett_transp-removebg-preview-p-500.png\",\"width\":500,\"height\":233,\"caption\":\"Josef Kroll IT Dienstleistungen\"},\"image\":{\"@id\":\"https:\/\/www.itservice-kroll.de\/#\/schema\/logo\/image\/\"}}]}<\/script>\n<!-- \/ Yoast SEO plugin. -->","yoast_head_json":{"title":"Home - Josef Kroll IT Dienstleistungen","robots":{"index":"index","follow":"follow","max-snippet":"max-snippet:-1","max-image-preview":"max-image-preview:large","max-video-preview":"max-video-preview:-1"},"canonical":"https:\/\/www.itservice-kroll.de\/","og_locale":"de_DE","og_type":"article","og_title":"Home - Josef Kroll IT Dienstleistungen","og_description":"Kostensenken, Wettbewerbsvorteile steigern! &nbsp;&nbsp;&nbsp; Als j\u00e4hrlich zertifizierter Fujitsu Service Partner mit mehr als 19-j\u00e4hriger Erfahrung bieten wir Ihnen einen Service mit sehr hoher Qualit\u00e4t. Wir beraten Sie kompetent zur Auswahl der passenden Fujitsu Produkte unter Ber\u00fccksichtigung Ihrer Anforderungen und Bed\u00fcrfnisse. &nbsp; Egal ob f\u00fcr Ihr B\u00fcro oder Homeoffice, Zahnarztpraxis, Therapeuten- und Arztpraxis. Wir beschaffen Ihnen&hellip; Read more","og_url":"https:\/\/www.itservice-kroll.de\/","og_site_name":"Josef Kroll IT Dienstleistungen","article_modified_time":"2025-04-21T06:28:56+00:00","og_image":[{"url":"https:\/\/www.itservice-kroll.de\/wp-content\/uploads\/2025\/02\/cropped-646c72d35abf546bdb3d75b5_attachment_10-p-1080.webp","type":"","width":"","height":""}],"twitter_card":"summary_large_image","twitter_misc":{"Gesch\u00e4tzte Lesezeit":"1\u00a0Minute"},"schema":{"@context":"https:\/\/schema.org","@graph":[{"@type":"WebPage","@id":"https:\/\/www.itservice-kroll.de\/","url":"https:\/\/www.itservice-kroll.de\/","name":"Home - Josef Kroll IT Dienstleistungen","isPartOf":{"@id":"https:\/\/www.itservice-kroll.de\/#website"},"primaryImageOfPage":{"@id":"https:\/\/www.itservice-kroll.de\/#primaryimage"},"image":{"@id":"https:\/\/www.itservice-kroll.de\/#primaryimage"},"thumbnailUrl":"https:\/\/www.itservice-kroll.de\/wp-content\/uploads\/2025\/02\/cropped-646c72d35abf546bdb3d75b5_attachment_10-p-1080.webp","datePublished":"2025-02-22T06:43:32+00:00","dateModified":"2025-04-21T06:28:56+00:00","breadcrumb":{"@id":"https:\/\/www.itservice-kroll.de\/#breadcrumb"},"inLanguage":"de","potentialAction":[{"@type":"ReadAction","target":["https:\/\/www.itservice-kroll.de\/"]}]},{"@type":"ImageObject","inLanguage":"de","@id":"https:\/\/www.itservice-kroll.de\/#primaryimage","url":"https:\/\/www.itservice-kroll.de\/wp-content\/uploads\/2025\/02\/cropped-646c72d35abf546bdb3d75b5_attachment_10-p-1080.webp","contentUrl":"https:\/\/www.itservice-kroll.de\/wp-content\/uploads\/2025\/02\/cropped-646c72d35abf546bdb3d75b5_attachment_10-p-1080.webp","width":1013,"height":608},{"@type":"BreadcrumbList","@id":"https:\/\/www.itservice-kroll.de\/#breadcrumb","itemListElement":[{"@type":"ListItem","position":1,"name":"Startseite","item":"https:\/\/www.itservice-kroll.de\/"},{"@type":"ListItem","position":2,"name":"Home"}]},{"@type":"WebSite","@id":"https:\/\/www.itservice-kroll.de\/#website","url":"https:\/\/www.itservice-kroll.de\/","name":"Josef Kroll IT Dienstleistungen","description":"","publisher":{"@id":"https:\/\/www.itservice-kroll.de\/#organization"},"potentialAction":[{"@type":"SearchAction","target":{"@type":"EntryPoint","urlTemplate":"https:\/\/www.itservice-kroll.de\/?s={search_term_string}"},"query-input":{"@type":"PropertyValueSpecification","valueRequired":true,"valueName":"search_term_string"}}],"inLanguage":"de"},{"@type":"Organization","@id":"https:\/\/www.itservice-kroll.de\/#organization","name":"Josef Kroll IT Dienstleistungen","url":"https:\/\/www.itservice-kroll.de\/","logo":{"@type":"ImageObject","inLanguage":"de","@id":"https:\/\/www.itservice-kroll.de\/#\/schema\/logo\/image\/","url":"https:\/\/www.itservice-kroll.de\/wp-content\/uploads\/2025\/02\/cropped-64869d73cc7e344f80a28940_attachment_9_logo_komplett_transp-removebg-preview-p-500.png","contentUrl":"https:\/\/www.itservice-kroll.de\/wp-content\/uploads\/2025\/02\/cropped-64869d73cc7e344f80a28940_attachment_9_logo_komplett_transp-removebg-preview-p-500.png","width":500,"height":233,"caption":"Josef Kroll IT Dienstleistungen"},"image":{"@id":"https:\/\/www.itservice-kroll.de\/#\/schema\/logo\/image\/"}}]}},"_links":{"self":[{"href":"https:\/\/www.itservice-kroll.de\/index.php?rest_route=\/wp\/v2\/pages\/6","targetHints":{"allow":["GET"]}}],"collection":[{"href":"https:\/\/www.itservice-kroll.de\/index.php?rest_route=\/wp\/v2\/pages"}],"about":[{"href":"https:\/\/www.itservice-kroll.de\/index.php?rest_route=\/wp\/v2\/types\/page"}],"author":[{"embeddable":true,"href":"https:\/\/www.itservice-kroll.de\/index.php?rest_route=\/wp\/v2\/users\/1"}],"replies":[{"embeddable":true,"href":"https:\/\/www.itservice-kroll.de\/index.php?rest_route=%2Fwp%2Fv2%2Fcomments&post=6"}],"version-history":[{"count":24,"href":"https:\/\/www.itservice-kroll.de\/index.php?rest_route=\/wp\/v2\/pages\/6\/revisions"}],"predecessor-version":[{"id":210,"href":"https:\/\/www.itservice-kroll.de\/index.php?rest_route=\/wp\/v2\/pages\/6\/revisions\/210"}],"wp:attachment":[{"href":"https:\/\/www.itservice-kroll.de\/index.php?rest_route=%2Fwp%2Fv2%2Fmedia&parent=6"}],"curies":[{"name":"wp","href":"https:\/\/api.w.org\/{rel}","templated":true}]}}